{"id":434,"date":"2023-12-19T15:37:06","date_gmt":"2023-12-19T18:37:06","guid":{"rendered":"https:\/\/parkgold.com.br\/site\/?page_id=434"},"modified":"2023-12-19T15:54:08","modified_gmt":"2023-12-19T18:54:08","slug":"itabuna","status":"publish","type":"page","link":"https:\/\/parkgold.com.br\/site\/itabuna\/","title":{"rendered":"Park Gold Itabuna"},"content":{"rendered":"\n<h2><\/h2>\n\n\n\n<div style=\"height:51px\" aria-hidden=\"true\" class=\"wp-block-spacer\"><\/div>\n\n\n\n<h2 class=\"has-white-color has-text-color\"><strong>HOR\u00c1RIO DE FUNCIONAMENTO<\/strong><\/h2>\n\n\n\n<div style=\"height:50px\" aria-hidden=\"true\" class=\"wp-block-spacer\"><\/div>\n\n\n\n<figure class=\"wp-block-table is-style-stripes\"><table><tbody><tr><td class=\"has-text-align-center\" data-align=\"center\">SEGUNDA \u00c0 SEXTA<\/td><td class=\"has-text-align-center\" data-align=\"center\">S\u00c1BADOS<\/td><\/tr><tr><td class=\"has-text-align-center\" data-align=\"center\">das 8h \u00e0s 18h<\/td><td class=\"has-text-align-center\" data-align=\"center\">das 8h \u00e0s 13h<\/td><\/tr><\/tbody><\/table><\/figure>\n\n\n\n<div style=\"height:51px\" aria-hidden=\"true\" class=\"wp-block-spacer\"><\/div>\n\n\n\n<h2 class=\"has-text-align-center has-white-color has-text-color\"><strong>TARIFAS<\/strong><\/h2>\n\n\n\n<p class=\"has-text-align-center has-medium-font-size\"><strong>Carros<\/strong><\/p>\n\n\n\n<figure class=\"wp-block-table is-style-stripes\"><table class=\"has-white-color has-text-color\"><tbody><tr><td class=\"has-text-align-center\" data-align=\"center\"> 1 hora <\/td><td class=\"has-text-align-center\" data-align=\"center\"> R$ 3,00<\/td><\/tr><tr><td class=\"has-text-align-center\" data-align=\"center\"><\/td><td class=\"has-text-align-center\" data-align=\"center\"><\/td><\/tr><\/tbody><\/table><\/figure>\n\n\n\n<div style=\"height:50px\" aria-hidden=\"true\" class=\"wp-block-spacer\"><\/div>\n\n\n\n<p class=\"has-text-align-center has-medium-font-size\"><strong>Motos<\/strong><\/p>\n\n\n\n<figure class=\"wp-block-table is-style-stripes\"><table class=\"has-white-color has-text-color\"><tbody><tr><td class=\"has-text-align-center\" data-align=\"center\"> 1 hora <\/td><td class=\"has-text-align-center\" data-align=\"center\"> R$ 1,00<\/td><\/tr><tr><td class=\"has-text-align-center\" data-align=\"center\"><\/td><td class=\"has-text-align-center\" data-align=\"center\"><\/td><\/tr><\/tbody><\/table><\/figure>\n\n\n\n<div style=\"height:50px\" aria-hidden=\"true\" class=\"wp-block-spacer\"><\/div>\n","protected":false},"excerpt":{"rendered":"<p>HOR\u00c1RIO DE FUNCIONAMENTO SEGUNDA \u00c0 SEXTA S\u00c1BADOS das 8h \u00e0s 18h das 8h \u00e0s 13h TARIFAS Carros 1 hora R$ 3,00 Motos 1 hora R$ 1,00<\/p>\n","protected":false},"author":1,"featured_media":0,"parent":0,"menu_order":0,"comment_status":"closed","ping_status":"closed","template":"","meta":[],"_links":{"self":[{"href":"https:\/\/parkgold.com.br\/site\/wp-json\/wp\/v2\/pages\/434"}],"collection":[{"href":"https:\/\/parkgold.com.br\/site\/wp-json\/wp\/v2\/pages"}],"about":[{"href":"https:\/\/parkgold.com.br\/site\/wp-json\/wp\/v2\/types\/page"}],"author":[{"embeddable":true,"href":"https:\/\/parkgold.com.br\/site\/wp-json\/wp\/v2\/users\/1"}],"replies":[{"embeddable":true,"href":"https:\/\/parkgold.com.br\/site\/wp-json\/wp\/v2\/comments?post=434"}],"version-history":[{"count":1,"href":"https:\/\/parkgold.com.br\/site\/wp-json\/wp\/v2\/pages\/434\/revisions"}],"predecessor-version":[{"id":435,"href":"https:\/\/parkgold.com.br\/site\/wp-json\/wp\/v2\/pages\/434\/revisions\/435"}],"wp:attachment":[{"href":"https:\/\/parkgold.com.br\/site\/wp-json\/wp\/v2\/media?parent=434"}],"curies":[{"name":"wp","href":"https:\/\/api.w.org\/{rel}","templated":true}]}}