{"id":18,"date":"2021-07-27T18:48:51","date_gmt":"2021-07-27T21:48:51","guid":{"rendered":"http:\/\/192.168.0.106\/stacione\/?page_id=18"},"modified":"2022-08-29T16:46:00","modified_gmt":"2022-08-29T19:46:00","slug":"como-funciona","status":"publish","type":"page","link":"https:\/\/parkgold.com.br\/site\/como-funciona\/","title":{"rendered":"Como funciona"},"content":{"rendered":"\n<p>O usu\u00e1rio conta com os canais eletr\u00f4nicos para utiliza\u00e7\u00e3o da Park Gold Rotativo, onde atrav\u00e9s de um cadastro realizado pela internet poder\u00e1 comprar cr\u00e9ditos eletr\u00f4nicos e \u201cativar\u201d seu t\u00edquete de estacionamento. <\/p>\n\n\n\n<p>Quem n\u00e3o \u00e9 um usu\u00e1rio frequente tamb\u00e9m poder\u00e1 comprar seu t\u00edquete avulso com os monitores.<\/p>\n\n\n\n<p>Para utilizar, voc\u00ea dever\u00e1:<br>Estacionar o seu ve\u00edculo em qualquer vaga regulamentada da Park Gold Rotativo, demarcada por sinaliza\u00e7\u00e3o;<br>Obter um t\u00edquete que lhe d\u00e1 o direito de estacionar ou ter uma conta online com a op\u00e7\u00e3o de d\u00e9bito autom\u00e1tico ativada,<br>Observar sempre o tempo limite m\u00e1ximo de utiliza\u00e7\u00e3o da vaga;<br>Seguir para o seu compromisso.<br>N\u00e3o \u00e9 necess\u00e1rio colocar t\u00edquete no interior do ve\u00edculo.<\/p>\n\n\n\n<p>Em caso de d\u00favidas entre em <strong><a href=\"https:\/\/parkgold.com.br\/site\/contato\/\">contato<\/a><\/strong>.<\/p>\n","protected":false},"excerpt":{"rendered":"<p>O usu\u00e1rio conta com os canais eletr\u00f4nicos para utiliza\u00e7\u00e3o da Park Gold Rotativo, onde atrav\u00e9s de um cadastro realizado pela internet poder\u00e1 comprar cr\u00e9ditos eletr\u00f4nicos e \u201cativar\u201d seu t\u00edquete de estacionamento. Quem n\u00e3o \u00e9 um usu\u00e1rio frequente tamb\u00e9m poder\u00e1 comprar seu t\u00edquete avulso com os monitores. Para utilizar, voc\u00ea dever\u00e1:Estacionar o seu ve\u00edculo em qualquer &hellip; <\/p>\n<p class=\"link-more\"><a href=\"https:\/\/parkgold.com.br\/site\/como-funciona\/\" class=\"more-link\">Continue reading<span class=\"screen-reader-text\"> &#8220;Como funciona&#8221;<\/span><\/a><\/p>\n","protected":false},"author":1,"featured_media":0,"parent":0,"menu_order":0,"comment_status":"closed","ping_status":"closed","template":"","meta":[],"_links":{"self":[{"href":"https:\/\/parkgold.com.br\/site\/wp-json\/wp\/v2\/pages\/18"}],"collection":[{"href":"https:\/\/parkgold.com.br\/site\/wp-json\/wp\/v2\/pages"}],"about":[{"href":"https:\/\/parkgold.com.br\/site\/wp-json\/wp\/v2\/types\/page"}],"author":[{"embeddable":true,"href":"https:\/\/parkgold.com.br\/site\/wp-json\/wp\/v2\/users\/1"}],"replies":[{"embeddable":true,"href":"https:\/\/parkgold.com.br\/site\/wp-json\/wp\/v2\/comments?post=18"}],"version-history":[{"count":13,"href":"https:\/\/parkgold.com.br\/site\/wp-json\/wp\/v2\/pages\/18\/revisions"}],"predecessor-version":[{"id":353,"href":"https:\/\/parkgold.com.br\/site\/wp-json\/wp\/v2\/pages\/18\/revisions\/353"}],"wp:attachment":[{"href":"https:\/\/parkgold.com.br\/site\/wp-json\/wp\/v2\/media?parent=18"}],"curies":[{"name":"wp","href":"https:\/\/api.w.org\/{rel}","templated":true}]}}